{"id":129,"date":"2026-01-28T14:20:12","date_gmt":"2026-01-28T14:20:12","guid":{"rendered":"https:\/\/olivedrab-hippopotamus-891781.hostingersite.com\/?page_id=129"},"modified":"2026-02-27T08:52:03","modified_gmt":"2026-02-27T08:52:03","slug":"vins-champagnes","status":"publish","type":"page","link":"https:\/\/lepuitsdesgourmets.fr\/fr\/vins-champagnes\/","title":{"rendered":"Vins &#038; Champagnes"},"content":{"rendered":"\t\t<div data-elementor-type=\"wp-page\" data-elementor-id=\"129\" class=\"elementor elementor-129\" data-elementor-post-type=\"page\">\n\t\t\t\t<div class=\"elementor-element elementor-element-9679150 e-flex e-con-boxed e-con e-parent\" data-id=\"9679150\" data-element_type=\"container\" data-e-type=\"container\">\n\t\t\t\t\t<div class=\"e-con-inner\">\n\t\t\t\t<div class=\"elementor-element elementor-element-bfca094 elementor-widget__width-inherit elementor-widget elementor-widget-shortcode\" data-id=\"bfca094\" data-element_type=\"widget\" data-e-type=\"widget\" data-widget_type=\"shortcode.default\">\n\t\t\t\t\t\t\t<div class=\"elementor-shortcode\"><style><\/style>\n\n\n<div class=\"fdm-menu-filtering\">\n\t<\/div>\n\n<div class=\"fdm-the-menu\">\n\n<div class=\"fdm-menu-sidebar-div fdm-sidebar-display-1 fdm-sidebar-mobile-expand-1 fdm-sidebar-menu-style-classic\">\n\t<div class='fdm-sidebar-mobile-expand-area'>\n\t\t<div class='fdm-sidebar-mobile-expand-button'>View Sections<\/div>\n\t<\/div>\n\t<div class='fdm-sidebar'>\n\t\t<div class=\"fdm-menu-sidebar-section-title\" id=\"champagnes\">CHAMPAGNES<\/div>\n<div class=\"fdm-menu-sidebar-section-description fdm-hidden\" id=\"champagnes\"><\/div>\n<div class=\"fdm-menu-sidebar-section-title\" id=\"vin-blanc-moelleux\">VIN BLANC MOELLEUX<\/div>\n<div class=\"fdm-menu-sidebar-section-description fdm-hidden\" id=\"vin-blanc-moelleux\"><\/div>\n<div class=\"fdm-menu-sidebar-section-title\" id=\"vins-blancs-secs\">VINS BLANCS SECS<\/div>\n<div class=\"fdm-menu-sidebar-section-description fdm-hidden\" id=\"vins-blancs-secs\"><\/div>\n<div class=\"fdm-menu-sidebar-section-title\" id=\"vin-rose\">VIN ROS\u00c9<\/div>\n<div class=\"fdm-menu-sidebar-section-description fdm-hidden\" id=\"vin-rose\"><\/div>\n<div class=\"fdm-menu-sidebar-section-title\" id=\"vins-rouges\">VINS ROUGES<\/div>\n<div class=\"fdm-menu-sidebar-section-description fdm-hidden\" id=\"vins-rouges\"><\/div>\n<div class=\"fdm-menu-sidebar-section-title\" id=\"vins-du-liban\">VINS DU LIBAN<\/div>\n<div class=\"fdm-menu-sidebar-section-description fdm-hidden\" id=\"vins-du-liban\"><\/div>\n\t<\/div>\n<\/div>\n\n<ul id=\"fdm-menu-1\" class=\"fdm-menu fdm-menu-761 fdm-menu-classic fdm-menu-sidebar-1 fdm-columns-1 fdm-layout-classic clearfix\">\n\n\n\t<li class=\"fdm-column fdm-column-0 fdm-column-last\">\n\n\t<ul class=\"fdm-section fdm-sectionid-125 fdm-section-champagnes fdm-section-one\">\n\t<li class=\"fdm-section-header\" id=\"fdm-section-header-champagnes\">\n\n\t\t\t\t\n\t\t\n\t\t\t\t\t<h3 class=''>CHAMPAGNES<\/h3>\n\t\t\n\t\t\n\t\t\n\t<\/li>\n\t\n\t\t<li class=\"fdm-item fdm-item-has-price\" data-postid=\"743\" data-section=\"125\" data-timeadded=\"1772179921\">\n\t\n\t\t\n\t\t<div class=\"fdm-item-panel\" data-price=\"45.00\u20ac | Verre 15cl : 9.00\">\n\n\t\t\t<div class=\"fdm-item-non-image-container\">\n<p class=\"fdm-item-title\">Chassenay d\u2019Arce \u00ab Cuv\u00e9e Premi\u00e8re \u00bb Brut<\/p><div class=\"fdm-item-price-wrapper\" data-min_price='1000000' data-max_price='0'>\n\t\t\t<div class=\"fdm-item-price\">45.00\u20ac | Verre 15cl : 9.00\u20ac<\/div>\n\t<\/div>\n<div class=\"fdm-item-content\">\n\t<p><\/p>\n<p><em>Assemblage 60% Pinot Noir \u2013 40% Chardonnay. Champagne \u00e9l\u00e9gant, \u00e9quilibr\u00e9 et raffin\u00e9 aux fines bulles persistantes.<\/em><\/p>\n<p><\/p>\n<\/div>\n<\/div>\n\t\t\t<div class=\"clearfix\"><\/div>\n\t\t<\/div>\n\n\t\t\n\t\t<\/li>\n\t\n\n\n\t\t<li class=\"fdm-item fdm-item-has-price\" data-postid=\"745\" data-section=\"125\" data-timeadded=\"1772181073\">\n\t\n\t\t\n\t\t<div class=\"fdm-item-panel\" data-price=\"60\">\n\n\t\t\t<div class=\"fdm-item-non-image-container\">\n<p class=\"fdm-item-title\">Devaux \u00ab C\u0153ur des Bar \u00bb Blanc de Noirs Brut<\/p><div class=\"fdm-item-price-wrapper\" data-min_price='1000000' data-max_price='0'>\n\t\t\t<div class=\"fdm-item-price\">60.00\u20ac<\/div>\n\t<\/div>\n<div class=\"fdm-item-content\">\n\t<p><\/p>\n<p><em>100% Pinot Noir. Structure noble, vinosit\u00e9 affirm\u00e9e et belle profondeur aromatique.<\/em><\/p>\n<p><\/p>\n<\/div>\n<\/div>\n\t\t\t<div class=\"clearfix\"><\/div>\n\t\t<\/div>\n\n\t\t\n\t\t<\/li>\n\t\n\n\n\t\t<li class=\"fdm-item fdm-item-has-price\" data-postid=\"747\" data-section=\"125\" data-timeadded=\"1772181240\">\n\t\n\t\t\n\t\t<div class=\"fdm-item-panel\" data-price=\"72\">\n\n\t\t\t<div class=\"fdm-item-non-image-container\">\n<p class=\"fdm-item-title\">Louise Brison 2020 Brut Nature<\/p><div class=\"fdm-item-price-wrapper\" data-min_price='1000000' data-max_price='0'>\n\t\t\t<div class=\"fdm-item-price\">72.00\u20ac<\/div>\n\t<\/div>\n<div class=\"fdm-item-content\">\n\t<p><\/p>\n<p><em>Sans dosage. Expression pure du terroir, tension min\u00e9rale et grande pr\u00e9cision.<\/em><\/p>\n<p><\/p>\n<\/div>\n<\/div>\n\t\t\t<div class=\"clearfix\"><\/div>\n\t\t<\/div>\n\n\t\t\n\t\t<\/li>\n\t\n\n<\/ul><ul class=\"fdm-section fdm-sectionid-126 fdm-section-vin-blanc-moelleux fdm-section-one\">\n\t<li class=\"fdm-section-header\" id=\"fdm-section-header-vin-blanc-moelleux\">\n\n\t\t\t\t\n\t\t\n\t\t\t\t\t<h3 class=''>VIN BLANC MOELLEUX<\/h3>\n\t\t\n\t\t\n\t\t\n\t<\/li>\n\t\n\t\t<li class=\"fdm-item fdm-item-has-price\" data-postid=\"749\" data-section=\"126\" data-timeadded=\"1772181375\">\n\t\n\t\t\n\t\t<div class=\"fdm-item-panel\" data-price=\"30.00\u20ac | Verre 15cl : 6.00\">\n\n\t\t\t<div class=\"fdm-item-non-image-container\">\n<p class=\"fdm-item-title\">IGP Gascogne \u00ab Petit &amp; Gros Manseng \u00bb \u2013 Domaine Haut Marin<\/p><div class=\"fdm-item-price-wrapper\" data-min_price='1000000' data-max_price='0'>\n\t\t\t<div class=\"fdm-item-price\">30.00\u20ac | Verre 15cl : 6.00\u20ac<\/div>\n\t<\/div>\n<div class=\"fdm-item-content\">\n\t<p><\/p>\n<p><em>Blanc d\u00e9licatement sucr\u00e9 aux notes de fruits exotiques et de miel, parfait en ap\u00e9ritif ou avec foie gras.<\/em><\/p>\n<p><\/p>\n<p><\/p>\n<p><\/p>\n<\/div>\n<\/div>\n\t\t\t<div class=\"clearfix\"><\/div>\n\t\t<\/div>\n\n\t\t\n\t\t<\/li>\n\t\n\n<\/ul><ul class=\"fdm-section fdm-sectionid-127 fdm-section-vins-blancs-secs fdm-section-one\">\n\t<li class=\"fdm-section-header\" id=\"fdm-section-header-vins-blancs-secs\">\n\n\t\t\t\t\n\t\t\n\t\t\t\t\t<h3 class=''>VINS BLANCS SECS<\/h3>\n\t\t\n\t\t\n\t\t\n\t<\/li>\n\t\n\t\t<li class=\"fdm-item fdm-item-has-price\" data-postid=\"751\" data-section=\"127\" data-timeadded=\"1772181452\">\n\t\n\t\t\n\t\t<div class=\"fdm-item-panel\" data-price=\"42\">\n\n\t\t\t<div class=\"fdm-item-non-image-container\">\n<p class=\"fdm-item-title\">AOP Chablis \u2013 Domaine Jean Goulley<\/p><div class=\"fdm-item-price-wrapper\" data-min_price='1000000' data-max_price='0'>\n\t\t\t<div class=\"fdm-item-price\">42.00\u20ac<\/div>\n\t<\/div>\n<div class=\"fdm-item-content\">\n\t<p><\/p>\n<p><em>Chardonnay frais et min\u00e9ral, belle tension et \u00e9l\u00e9gance. Id\u00e9al avec poissons et fruits de mer.<\/em><\/p>\n<p><\/p>\n<\/div>\n<\/div>\n\t\t\t<div class=\"clearfix\"><\/div>\n\t\t<\/div>\n\n\t\t\n\t\t<\/li>\n\t\n\n<\/ul><ul class=\"fdm-section fdm-sectionid-128 fdm-section-vin-rose fdm-section-one\">\n\t<li class=\"fdm-section-header\" id=\"fdm-section-header-vin-rose\">\n\n\t\t\t\t\n\t\t\n\t\t\t\t\t<h3 class=''>VIN ROS\u00c9<\/h3>\n\t\t\n\t\t\n\t\t\n\t<\/li>\n\t\n\t\t<li class=\"fdm-item fdm-item-has-price\" data-postid=\"753\" data-section=\"128\" data-timeadded=\"1772181688\">\n\t\n\t\t\n\t\t<div class=\"fdm-item-panel\" data-price=\"35\">\n\n\t\t\t<div class=\"fdm-item-non-image-container\">\n<p class=\"fdm-item-title\">AOP C\u00f4tes de Provence \u00ab Croix de Basson \u00bb<\/p><div class=\"fdm-item-price-wrapper\" data-min_price='1000000' data-max_price='0'>\n\t\t\t<div class=\"fdm-item-price\">35.00\u20ac<\/div>\n\t<\/div>\n<div class=\"fdm-item-content\">\n\t<p><\/p>\n<p><em>Ros\u00e9 fin et d\u00e9licat, ar\u00f4mes de fruits rouges frais et grande fra\u00eecheur proven\u00e7ale.<\/em><\/p>\n<p><\/p>\n<\/div>\n<\/div>\n\t\t\t<div class=\"clearfix\"><\/div>\n\t\t<\/div>\n\n\t\t\n\t\t<\/li>\n\t\n\n<\/ul><ul class=\"fdm-section fdm-sectionid-129 fdm-section-vins-rouges fdm-section-one\">\n\t<li class=\"fdm-section-header\" id=\"fdm-section-header-vins-rouges\">\n\n\t\t\t\t\n\t\t\n\t\t\t\t\t<h3 class=''>VINS ROUGES<\/h3>\n\t\t\n\t\t\n\t\t\n\t<\/li>\n\t\n\t\t<li class=\"fdm-item fdm-item-has-price\" data-postid=\"755\" data-section=\"129\" data-timeadded=\"1772181766\">\n\t\n\t\t\n\t\t<div class=\"fdm-item-panel\" data-price=\"35\">\n\n\t\t\t<div class=\"fdm-item-non-image-container\">\n<p class=\"fdm-item-title\">AOP Bourgogne \u00ab Coulanges la Vineuse \u00bb<\/p><div class=\"fdm-item-price-wrapper\" data-min_price='1000000' data-max_price='0'>\n\t\t\t<div class=\"fdm-item-price\">35.00\u20ac<\/div>\n\t<\/div>\n<div class=\"fdm-item-content\">\n\t<p><\/p>\n<p><em>Pinot Noir souple et fruit\u00e9, belle finesse bourguignonne et finale \u00e9l\u00e9gante.<\/em><\/p>\n<p><\/p>\n<\/div>\n<\/div>\n\t\t\t<div class=\"clearfix\"><\/div>\n\t\t<\/div>\n\n\t\t\n\t\t<\/li>\n\t\n\n\n\t\t<li class=\"fdm-item fdm-item-has-price\" data-postid=\"834\" data-section=\"129\" data-timeadded=\"1773910345\">\n\t\n\t\t\n\t\t<div class=\"fdm-item-panel\" data-price=\"XX\">\n\n\t\t\t<div class=\"fdm-item-non-image-container\">\n<p class=\"fdm-item-title\">Bordeaux Saint Emilion Lajarde Montarlier<\/p><div class=\"fdm-item-price-wrapper\" data-min_price='1000000' data-max_price='0'>\n\t\t\t<div class=\"fdm-item-price\">XX\u20ac<\/div>\n\t<\/div>\n<div class=\"fdm-item-content\">\n\t<p><\/p>\n<p>Cors\u00e9 et bien structur\u00e9.<\/p>\n<p><\/p>\n<\/div>\n<\/div>\n\t\t\t<div class=\"clearfix\"><\/div>\n\t\t<\/div>\n\n\t\t\n\t\t<\/li>\n\t\n\n\n\t\t<li class=\"fdm-item fdm-item-has-price\" data-postid=\"832\" data-section=\"129\" data-timeadded=\"1773910284\">\n\t\n\t\t\n\t\t<div class=\"fdm-item-panel\" data-price=\"XX\">\n\n\t\t\t<div class=\"fdm-item-non-image-container\">\n<p class=\"fdm-item-title\">Hautes c\u00f4tes de Beaugne Nuiton-Beaunoy<\/p><div class=\"fdm-item-price-wrapper\" data-min_price='1000000' data-max_price='0'>\n\t\t\t<div class=\"fdm-item-price\">XX\u20ac<\/div>\n\t<\/div>\n<div class=\"fdm-item-content\">\n\t<p><\/p>\n<p>Pinot Noir fruit\u00e9 et fringuant.<\/p>\n<p><\/p>\n<\/div>\n<\/div>\n\t\t\t<div class=\"clearfix\"><\/div>\n\t\t<\/div>\n\n\t\t\n\t\t<\/li>\n\t\n\n\n\t\t<li class=\"fdm-item fdm-item-has-price\" data-postid=\"836\" data-section=\"129\" data-timeadded=\"1773910405\">\n\t\n\t\t\n\t\t<div class=\"fdm-item-panel\" data-price=\"130\">\n\n\t\t\t<div class=\"fdm-item-non-image-container\">\n<p class=\"fdm-item-title\">Nuits Saint-Georges 2021 Jean Charles Rion<\/p><div class=\"fdm-item-price-wrapper\" data-min_price='1000000' data-max_price='0'>\n\t\t\t<div class=\"fdm-item-price\">130.00\u20ac<\/div>\n\t<\/div>\n<div class=\"fdm-item-content\">\n\t<p><\/p>\n<p>Pinot Noir \u00e9quilibr\u00e9, structur\u00e9 et \u00e9l\u00e9gant.<\/p>\n<p><\/p>\n<\/div>\n<\/div>\n\t\t\t<div class=\"clearfix\"><\/div>\n\t\t<\/div>\n\n\t\t\n\t\t<\/li>\n\t\n\n<\/ul><ul class=\"fdm-section fdm-sectionid-130 fdm-section-vins-du-liban fdm-section-one\">\n\t<li class=\"fdm-section-header\" id=\"fdm-section-header-vins-du-liban\">\n\n\t\t\t\t\n\t\t\n\t\t\t\t\t<h3 class=''>VINS DU LIBAN<\/h3>\n\t\t\n\t\t\n\t\t\n\t<\/li>\n\t\n\t\t<li class=\"fdm-item fdm-item-has-price\" data-postid=\"757\" data-section=\"130\" data-timeadded=\"1772181955\">\n\t\n\t\t\n\t\t<div class=\"fdm-item-panel\" data-price=\"30.00\u20ac | Verre 15cl : 6.00\">\n\n\t\t\t<div class=\"fdm-item-non-image-container\">\n<p class=\"fdm-item-title\">Ch\u00e2teau Kefraya (Blanc \u2013 Ros\u00e9 \u2013 Rouge)<\/p><div class=\"fdm-item-price-wrapper\" data-min_price='1000000' data-max_price='0'>\n\t\t\t<div class=\"fdm-item-price\">30.00\u20ac | Verre 15cl : 6.00\u20ac<\/div>\n\t<\/div>\n<div class=\"fdm-item-content\">\n\t<p><\/p>\n<p><em>Vin du Liban \u2013 Vall\u00e9e de la Bekaa. Expression \u00e9quilibr\u00e9e du terroir libanais, alliance de fra\u00eecheur et de rondeur.<\/em><\/p>\n<p><\/p>\n<p><\/p>\n<p><\/p>\n<\/div>\n<\/div>\n\t\t\t<div class=\"clearfix\"><\/div>\n\t\t<\/div>\n\n\t\t\n\t\t<\/li>\n\t\n\n\n\t\t<li class=\"fdm-item fdm-item-has-price\" data-postid=\"759\" data-section=\"130\" data-timeadded=\"1772182026\">\n\t\n\t\t\n\t\t<div class=\"fdm-item-panel\" data-price=\"60\">\n\n\t\t\t<div class=\"fdm-item-non-image-container\">\n<p class=\"fdm-item-title\">Domaine des Tourelles \u2013 Marquis de Beys 2019<\/p><div class=\"fdm-item-price-wrapper\" data-min_price='1000000' data-max_price='0'>\n\t\t\t<div class=\"fdm-item-price\">60.00\u20ac<\/div>\n\t<\/div>\n<div class=\"fdm-item-content\">\n\t<p><\/p>\n<p><em>Cabernet Sauvignon &amp; Syrah. \u00c9lev\u00e9 10 mois en f\u00fbts de ch\u00eane fran\u00e7ais, structur\u00e9 et g\u00e9n\u00e9reux.<\/em><\/p>\n<p><\/p>\n<\/div>\n<\/div>\n\t\t\t<div class=\"clearfix\"><\/div>\n\t\t<\/div>\n\n\t\t\n\t\t<\/li>\n\t\n\n<\/ul>\n\t<\/li>\n\n\n<\/ul>\n\n\n<\/div> <!-- fdm-the-menu -->\n\n<div class=\"clearfix\"><\/div>\n\n<div class='fdm-details-div fdm-hidden'>\n\t<div class='fdm-details-div-inside'>\n\t\t<div class='fdm-details-div-exit'>\n\t\t\t<div class='fdm-details-div-exit-inside'><span class=\"dashicons dashicons-no-alt\"><\/span><\/div>\n\t\t<\/div>\n\t\t<div class='fdm-details-div-content'><\/div>\n\t<\/div>\n<\/div>\n<div class='fdm-details-background-div fdm-hidden'><\/div><\/div>\n\t\t\t\t\t\t<\/div>\n\t\t\t\t\t<\/div>\n\t\t\t\t<\/div>\n\t\t\t\t<\/div>\n\t\t","protected":false},"excerpt":{"rendered":"","protected":false},"author":1,"featured_media":0,"parent":0,"menu_order":0,"comment_status":"closed","ping_status":"closed","template":"","meta":{"footnotes":""},"class_list":["post-129","page","type-page","status-publish","hentry"],"_links":{"self":[{"href":"https:\/\/lepuitsdesgourmets.fr\/fr\/wp-json\/wp\/v2\/pages\/129","targetHints":{"allow":["GET"]}}],"collection":[{"href":"https:\/\/lepuitsdesgourmets.fr\/fr\/wp-json\/wp\/v2\/pages"}],"about":[{"href":"https:\/\/lepuitsdesgourmets.fr\/fr\/wp-json\/wp\/v2\/types\/page"}],"author":[{"embeddable":true,"href":"https:\/\/lepuitsdesgourmets.fr\/fr\/wp-json\/wp\/v2\/users\/1"}],"replies":[{"embeddable":true,"href":"https:\/\/lepuitsdesgourmets.fr\/fr\/wp-json\/wp\/v2\/comments?post=129"}],"version-history":[{"count":5,"href":"https:\/\/lepuitsdesgourmets.fr\/fr\/wp-json\/wp\/v2\/pages\/129\/revisions"}],"predecessor-version":[{"id":766,"href":"https:\/\/lepuitsdesgourmets.fr\/fr\/wp-json\/wp\/v2\/pages\/129\/revisions\/766"}],"wp:attachment":[{"href":"https:\/\/lepuitsdesgourmets.fr\/fr\/wp-json\/wp\/v2\/media?parent=129"}],"curies":[{"name":"wp","href":"https:\/\/api.w.org\/{rel}","templated":true}]}}