{"id":127,"date":"2026-01-28T14:14:52","date_gmt":"2026-01-28T14:14:52","guid":{"rendered":"https:\/\/olivedrab-hippopotamus-891781.hostingersite.com\/?page_id=127"},"modified":"2026-05-09T16:18:09","modified_gmt":"2026-05-09T16:18:09","slug":"reservation","status":"publish","type":"page","link":"https:\/\/lepuitsdesgourmets.fr\/fr\/reservation\/","title":{"rendered":"R\u00e9servation"},"content":{"rendered":"\t\t<div data-elementor-type=\"wp-page\" data-elementor-id=\"127\" class=\"elementor elementor-127\" data-elementor-post-type=\"page\">\n\t\t\t\t\t\t<section class=\"elementor-section elementor-top-section elementor-element elementor-element-6dfeb4e9 elementor-section-boxed elementor-section-height-default elementor-section-height-default\" data-id=\"6dfeb4e9\" data-element_type=\"section\" data-e-type=\"section\" data-settings=\"{&quot;background_background&quot;:&quot;classic&quot;}\">\n\t\t\t\t\t\t\t<div class=\"elementor-background-overlay\"><\/div>\n\t\t\t\t\t\t\t<div class=\"elementor-container elementor-column-gap-default\">\n\t\t\t\t\t<div class=\"elementor-column elementor-col-100 elementor-top-column elementor-element elementor-element-3b789ee\" data-id=\"3b789ee\" data-element_type=\"column\" data-e-type=\"column\">\n\t\t\t<div class=\"elementor-widget-wrap elementor-element-populated\">\n\t\t\t\t\t\t<div class=\"elementor-element elementor-element-19559792 elementor-widget elementor-widget-heading\" data-id=\"19559792\" data-element_type=\"widget\" data-e-type=\"widget\" data-widget_type=\"heading.default\">\n\t\t\t\t\t<h2 class=\"elementor-heading-title elementor-size-default\">R\u00e9servation<\/h2>\t\t\t\t<\/div>\n\t\t\t\t<div class=\"elementor-element elementor-element-14ecb166 elementor-icon-list--layout-inline elementor-align-start elementor-list-item-link-full_width elementor-widget elementor-widget-icon-list\" data-id=\"14ecb166\" data-element_type=\"widget\" data-e-type=\"widget\" data-widget_type=\"icon-list.default\">\n\t\t\t\t\t\t\t<ul class=\"elementor-icon-list-items elementor-inline-items\">\n\t\t\t\t\t\t\t<li class=\"elementor-icon-list-item elementor-inline-item\">\n\t\t\t\t\t\t\t\t\t\t\t<a href=\"https:\/\/lepuitsdesgourmets.fr\/\/\">\n\n\t\t\t\t\t\t\t\t\t\t\t<span class=\"elementor-icon-list-text\">Accueil<\/span>\n\t\t\t\t\t\t\t\t\t\t\t<\/a>\n\t\t\t\t\t\t\t\t\t<\/li>\n\t\t\t\t\t\t\t\t<li class=\"elementor-icon-list-item elementor-inline-item\">\n\t\t\t\t\t\t\t\t\t\t\t<span class=\"elementor-icon-list-icon\">\n\t\t\t\t\t\t\t<svg aria-hidden=\"true\" class=\"e-font-icon-svg e-fas-chevron-right\" viewBox=\"0 0 320 512\" xmlns=\"http:\/\/www.w3.org\/2000\/svg\"><path d=\"M285.476 272.971L91.132 467.314c-9.373 9.373-24.569 9.373-33.941 0l-22.667-22.667c-9.357-9.357-9.375-24.522-.04-33.901L188.505 256 34.484 101.255c-9.335-9.379-9.317-24.544.04-33.901l22.667-22.667c9.373-9.373 24.569-9.373 33.941 0L285.475 239.03c9.373 9.372 9.373 24.568.001 33.941z\"><\/path><\/svg>\t\t\t\t\t\t<\/span>\n\t\t\t\t\t\t\t\t\t\t<span class=\"elementor-icon-list-text\">R\u00e9servation<\/span>\n\t\t\t\t\t\t\t\t\t<\/li>\n\t\t\t\t\t\t<\/ul>\n\t\t\t\t\t\t<\/div>\n\t\t\t\t\t<\/div>\n\t\t<\/div>\n\t\t\t\t\t<\/div>\n\t\t<\/section>\n\t\t\t\t<section class=\"elementor-section elementor-top-section elementor-element elementor-element-37f52073 elementor-section-boxed elementor-section-height-default elementor-section-height-default\" data-id=\"37f52073\" data-element_type=\"section\" data-e-type=\"section\">\n\t\t\t\t\t\t<div class=\"elementor-container elementor-column-gap-default\">\n\t\t\t\t\t<div class=\"elementor-column elementor-col-100 elementor-top-column elementor-element elementor-element-5eb203e9\" data-id=\"5eb203e9\" data-element_type=\"column\" data-e-type=\"column\" data-settings=\"{&quot;background_background&quot;:&quot;classic&quot;}\">\n\t\t\t<div class=\"elementor-widget-wrap elementor-element-populated\">\n\t\t\t\t\t\t<div class=\"elementor-element elementor-element-315e2acf elementor-widget elementor-widget-heading\" data-id=\"315e2acf\" data-element_type=\"widget\" data-e-type=\"widget\" data-widget_type=\"heading.default\">\n\t\t\t\t\t<h2 class=\"elementor-heading-title elementor-size-default\">faire une r\u00e9servation<\/h2>\t\t\t\t<\/div>\n\t\t\t\t<div class=\"elementor-element elementor-element-5fa5b48d elementor-widget elementor-widget-heading\" data-id=\"5fa5b48d\" data-element_type=\"widget\" data-e-type=\"widget\" data-widget_type=\"heading.default\">\n\t\t\t\t\t<h5 class=\"elementor-heading-title elementor-size-default\">R\u00e9servez votre table<\/h5>\t\t\t\t<\/div>\n\t\t\t\t<div class=\"elementor-element elementor-element-7c47c8b6 elementor-widget elementor-widget-image\" data-id=\"7c47c8b6\" data-element_type=\"widget\" data-e-type=\"widget\" data-widget_type=\"image.default\">\n\t\t\t\t\t\t\t\t\t\t\t\t\t\t\t<img decoding=\"async\" width=\"767\" height=\"40\" src=\"https:\/\/lepuitsdesgourmets.fr\/wp-content\/uploads\/2026\/01\/france-line.png\" class=\"attachment-large size-large wp-image-255\" alt=\"\" srcset=\"https:\/\/lepuitsdesgourmets.fr\/wp-content\/uploads\/2026\/01\/france-line.png 767w, https:\/\/lepuitsdesgourmets.fr\/wp-content\/uploads\/2026\/01\/france-line-300x16.png 300w\" sizes=\"(max-width: 767px) 100vw, 767px\" \/>\t\t\t\t\t\t\t\t\t\t\t\t\t\t\t<\/div>\n\t\t\t\t<div class=\"elementor-element elementor-element-0acf13a elementor-hidden-desktop elementor-hidden-tablet elementor-hidden-mobile elementor-button-align-stretch elementor-widget elementor-widget-form\" data-id=\"0acf13a\" data-element_type=\"widget\" data-e-type=\"widget\" data-settings=\"{&quot;step_next_label&quot;:&quot;Next&quot;,&quot;step_previous_label&quot;:&quot;Previous&quot;,&quot;button_width&quot;:&quot;100&quot;,&quot;step_type&quot;:&quot;number_text&quot;,&quot;step_icon_shape&quot;:&quot;circle&quot;}\" data-widget_type=\"form.default\">\n\t\t\t\t\t\t\t<form class=\"elementor-form\" method=\"post\" name=\"R\u00e9server une table\" aria-label=\"R\u00e9server une table\">\n\t\t\t<input type=\"hidden\" name=\"post_id\" value=\"127\"\/>\n\t\t\t<input type=\"hidden\" name=\"form_id\" value=\"0acf13a\"\/>\n\t\t\t<input type=\"hidden\" name=\"referer_title\" value=\"R\u00e9servation\" \/>\n\n\t\t\t\t\t\t\t<input type=\"hidden\" name=\"queried_id\" value=\"127\"\/>\n\t\t\t\n\t\t\t<div class=\"elementor-form-fields-wrapper elementor-labels-\">\n\t\t\t\t\t\t\t\t<div class=\"elementor-field-type-date elementor-field-group elementor-column elementor-field-group-message elementor-col-100 elementor-field-required\">\n\t\t\t\t\t\t\t\t\t\t\t\t<label for=\"form-field-message\" class=\"elementor-field-label elementor-screen-only\">\n\t\t\t\t\t\t\t\tDate\t\t\t\t\t\t\t<\/label>\n\t\t\t\t\t\t\n\t\t<input type=\"date\" name=\"form_fields[message]\" id=\"form-field-message\" class=\"elementor-field elementor-size-sm  elementor-field-textual elementor-date-field\" placeholder=\"Date\" required=\"required\" pattern=\"[0-9]{4}-[0-9]{2}-[0-9]{2}\">\n\t\t\t\t\t\t<\/div>\n\t\t\t\t\t\t\t\t<div class=\"elementor-field-type-number elementor-field-group elementor-column elementor-field-group-field_c05b86b elementor-col-100 elementor-field-required\">\n\t\t\t\t\t\t\t\t\t\t\t\t<label for=\"form-field-field_c05b86b\" class=\"elementor-field-label elementor-screen-only\">\n\t\t\t\t\t\t\t\tPersonnes\t\t\t\t\t\t\t<\/label>\n\t\t\t\t\t\t\t\t\t<input type=\"number\" name=\"form_fields[field_c05b86b]\" id=\"form-field-field_c05b86b\" class=\"elementor-field elementor-size-sm  elementor-field-textual\" placeholder=\"Personnes\" required=\"required\" min=\"1\" max=\"\" >\n\t\t\t\t\t\t<\/div>\n\t\t\t\t\t\t\t\t<div class=\"elementor-field-type-time elementor-field-group elementor-column elementor-field-group-field_8c1c355 elementor-col-100 elementor-field-required\">\n\t\t\t\t\t\t\t\t\t\t\t\t<label for=\"form-field-field_8c1c355\" class=\"elementor-field-label elementor-screen-only\">\n\t\t\t\t\t\t\t\tTemps\t\t\t\t\t\t\t<\/label>\n\t\t\t\t\t\t\t\t<input type=\"time\" name=\"form_fields[field_8c1c355]\" id=\"form-field-field_8c1c355\" class=\"elementor-field elementor-size-sm  elementor-field-textual elementor-time-field\" placeholder=\"Temps\" required=\"required\">\n\t\t\t\t\t\t<\/div>\n\t\t\t\t\t\t\t\t<div class=\"elementor-field-type-text elementor-field-group elementor-column elementor-field-group-field_9f07476 elementor-col-100 elementor-field-required\">\n\t\t\t\t\t\t\t\t\t\t\t\t<label for=\"form-field-field_9f07476\" class=\"elementor-field-label elementor-screen-only\">\n\t\t\t\t\t\t\t\tNom et pr\u00e9nom\t\t\t\t\t\t\t<\/label>\n\t\t\t\t\t\t\t\t\t\t\t\t\t\t<input size=\"1\" type=\"text\" name=\"form_fields[field_9f07476]\" id=\"form-field-field_9f07476\" class=\"elementor-field elementor-size-sm  elementor-field-textual\" placeholder=\"Nom et pr\u00e9nom\" required=\"required\">\n\t\t\t\t\t\t\t\t\t\t\t<\/div>\n\t\t\t\t\t\t\t\t<div class=\"elementor-field-type-tel elementor-field-group elementor-column elementor-field-group-field_eae5193 elementor-col-100 elementor-field-required\">\n\t\t\t\t\t\t\t\t\t\t\t\t<label for=\"form-field-field_eae5193\" class=\"elementor-field-label elementor-screen-only\">\n\t\t\t\t\t\t\t\tNum\u00e9ro de t\u00e9l\u00e9phone\t\t\t\t\t\t\t<\/label>\n\t\t\t\t\t\t\t\t<input size=\"1\" type=\"tel\" name=\"form_fields[field_eae5193]\" id=\"form-field-field_eae5193\" class=\"elementor-field elementor-size-sm  elementor-field-textual\" placeholder=\"Num\u00e9ro de t\u00e9l\u00e9phone\" value=\"+33\" required=\"required\" pattern=\"[0-9()#&amp;+*-=.]+\" title=\"Seuls les chiffres et les caract\u00e8res t\u00e9l\u00e9phoniques (#, -, *, etc.) sont accept\u00e9s.\">\n\n\t\t\t\t\t\t<\/div>\n\t\t\t\t\t\t\t\t<div class=\"elementor-field-type-email elementor-field-group elementor-column elementor-field-group-field_ad26391 elementor-col-100\">\n\t\t\t\t\t\t\t\t\t\t\t\t<label for=\"form-field-field_ad26391\" class=\"elementor-field-label elementor-screen-only\">\n\t\t\t\t\t\t\t\tE-mail\t\t\t\t\t\t\t<\/label>\n\t\t\t\t\t\t\t\t\t\t\t\t\t\t<input size=\"1\" type=\"email\" name=\"form_fields[field_ad26391]\" id=\"form-field-field_ad26391\" class=\"elementor-field elementor-size-sm  elementor-field-textual\" placeholder=\"E-mail\">\n\t\t\t\t\t\t\t\t\t\t\t<\/div>\n\t\t\t\t\t\t\t\t<div class=\"elementor-field-type-textarea elementor-field-group elementor-column elementor-field-group-field_e23da56 elementor-col-100\">\n\t\t\t\t\t\t\t\t\t\t\t\t<label for=\"form-field-field_e23da56\" class=\"elementor-field-label elementor-screen-only\">\n\t\t\t\t\t\t\t\tNotes compl\u00e9mentaires\t\t\t\t\t\t\t<\/label>\n\t\t\t\t\t\t<textarea class=\"elementor-field-textual elementor-field  elementor-size-sm\" name=\"form_fields[field_e23da56]\" id=\"form-field-field_e23da56\" rows=\"4\" placeholder=\"Notes compl\u00e9mentaires\"><\/textarea>\t\t\t\t<\/div>\n\t\t\t\t\t\t\t\t<div class=\"elementor-field-type-recaptcha_v3 elementor-field-group elementor-column elementor-field-group-field_00e19cc elementor-col-100 recaptcha_v3-bottomleft\">\n\t\t\t\t\t<div class=\"elementor-field\" id=\"form-field-field_00e19cc\"><div class=\"elementor-g-recaptcha\" data-sitekey=\"6LdprMAsAAAAAAiUa9wOti7HpZdM8UsYqDwNVhb7\" data-type=\"v3\" data-action=\"Form\" data-badge=\"bottomleft\" data-size=\"invisible\"><\/div><\/div>\t\t\t\t<\/div>\n\t\t\t\t\t\t\t\t<div class=\"elementor-field-group elementor-column elementor-field-type-submit elementor-col-100 e-form__buttons\">\n\t\t\t\t\t<button class=\"elementor-button elementor-size-sm\" type=\"submit\">\n\t\t\t\t\t\t<span class=\"elementor-button-content-wrapper\">\n\t\t\t\t\t\t\t\t\t\t\t\t\t\t\t\t\t\t\t\t\t\t<span class=\"elementor-button-text\">R\u00e9servez<\/span>\n\t\t\t\t\t\t\t\t\t\t\t\t\t<\/span>\n\t\t\t\t\t<\/button>\n\t\t\t\t<\/div>\n\t\t\t<\/div>\n\t\t<\/form>\n\t\t\t\t\t\t<\/div>\n\t\t\t\t<div class=\"elementor-element elementor-element-8d551e5 elementor-widget__width-inherit elementor-widget elementor-widget-html\" data-id=\"8d551e5\" data-element_type=\"widget\" data-e-type=\"widget\" data-widget_type=\"html.default\">\n\t\t\t\t\t<div class=\"ot-full-width-wrap\">\r\n\r\n<style>\r\n.ot-full-width-wrap{\r\n    width:100%;\r\n    max-width:100%;\r\n}\r\n\r\n.ot-dtp-picker{\r\n    width:100% !important;\r\n    max-width:100% !important;\r\n    background:transparent !important;\r\n}\r\n\r\n.ot-dtp-picker-form{\r\n    display:flex !important;\r\n    flex-wrap:nowrap !important;\r\n    gap:0 !important;\r\n    width:100% !important;\r\n    align-items:stretch !important;\r\n}\r\n\r\n.ot-dtp-picker-selector{\r\n    flex:1 1 24% !important;\r\n    min-width:0 !important;\r\n}\r\n\r\n.ot-dtp-picker-button{\r\n    flex:0 0 260px !important;\r\n    width:260px !important;\r\n    min-width:260px !important;\r\n    white-space:nowrap !important;\r\n    overflow:visible !important;\r\n    text-overflow:unset !important;\r\n    padding-left:20px !important;\r\n    padding-right:20px !important;\r\n    font-size:14px !important;\r\n}\r\n\r\n.ot-title{\r\n    width:100% !important;\r\n    text-align:center !important;\r\n    color:#ffffff !important;\r\n}\r\n\r\n@media (max-width:768px){\r\n    .ot-dtp-picker-form{\r\n        flex-wrap:wrap !important;\r\n    }\r\n\r\n    .ot-dtp-picker-selector,\r\n    .ot-dtp-picker-button{\r\n        flex:1 1 100% !important;\r\n        width:100% !important;\r\n        min-width:100% !important;\r\n    }\r\n}\r\n<\/style>\r\n\r\n<script \r\ntype=\"text\/javascript\" \r\nsrc=\"\/\/www.opentable.fr\/widget\/reservation\/loader?rid=486021&type=standard&theme=standard&color=1&dark=false&iframe=false&domain=fr&lang=fr-FR&newtab=true&ot_source=Restaurant%20website&cfe=true\">\r\n<\/script>\r\n\r\n<\/div>\t\t\t\t<\/div>\n\t\t\t\t\t<\/div>\n\t\t<\/div>\n\t\t\t\t\t<\/div>\n\t\t<\/section>\n\t\t\t\t<section class=\"elementor-section elementor-top-section elementor-element elementor-element-c3a9c62 elementor-section-full_width elementor-section-height-default elementor-section-height-default\" data-id=\"c3a9c62\" data-element_type=\"section\" data-e-type=\"section\">\n\t\t\t\t\t\t<div class=\"elementor-container elementor-column-gap-no\">\n\t\t\t\t\t<div class=\"elementor-column elementor-col-50 elementor-top-column elementor-element elementor-element-09ead40\" data-id=\"09ead40\" data-element_type=\"column\" data-e-type=\"column\" data-settings=\"{&quot;background_background&quot;:&quot;classic&quot;}\">\n\t\t\t<div class=\"elementor-widget-wrap elementor-element-populated\">\n\t\t\t\t\t<div class=\"elementor-background-overlay\"><\/div>\n\t\t\t\t\t\t<div class=\"elementor-element elementor-element-3883f40 elementor-widget elementor-widget-heading\" data-id=\"3883f40\" data-element_type=\"widget\" data-e-type=\"widget\" data-widget_type=\"heading.default\">\n\t\t\t\t\t<h2 class=\"elementor-heading-title elementor-size-default\">Horaires D'ouverture<\/h2>\t\t\t\t<\/div>\n\t\t\t\t<div class=\"elementor-element elementor-element-c1958fc elementor-widget elementor-widget-html\" data-id=\"c1958fc\" data-element_type=\"widget\" data-e-type=\"widget\" data-widget_type=\"html.default\">\n\t\t\t\t\t<style>\r\n    .hours-table {\r\n        color: white;\r\n        border-collapse: collapse;\r\n        border: none !important;\r\n    }\r\n\r\n    .hours-table th,\r\n    .hours-table td {\r\n        border: none !important;\r\n        padding: 4px 8px;\r\n        text-align: left;\r\n        vertical-align: top;\r\n    }\r\n\r\n    .hours-table .time {\r\n        padding-left: 40px;\r\n    }\r\n<\/style>\r\n\r\n<table class=\"hours-table\">\r\n    <tr>\r\n        <th>Jour<\/th>\r\n        <th class=\"time\">Horaires<\/th>\r\n    <\/tr>\r\n\r\n    <tr>\r\n        <td rowspan=\"2\">Lundi<\/td>\r\n        <td class=\"time\">Midi : 12h00 - 14h30<\/td>\r\n    <\/tr>\r\n    <tr>\r\n        <td class=\"time\">Soir : 18h30 - 22h00<\/td>\r\n    <\/tr>\r\n\r\n    <tr>\r\n        <td rowspan=\"2\">Mardi<\/td>\r\n        <td class=\"time\">Midi : 12h00 - 14h30<\/td>\r\n    <\/tr>\r\n    <tr>\r\n        <td class=\"time\">Soir : 18h30 - 22h00<\/td>\r\n    <\/tr>\r\n\r\n    <tr>\r\n        <td rowspan=\"2\">Mercredi<\/td>\r\n        <td class=\"time\">Midi : 12h00 - 14h30<\/td>\r\n    <\/tr>\r\n    <tr>\r\n        <td class=\"time\">Soir : 18h30 - 22h00<\/td>\r\n    <\/tr>\r\n\r\n    <tr>\r\n        <td rowspan=\"2\">Jeudi<\/td>\r\n        <td class=\"time\">Midi : 12h00 - 14h30<\/td>\r\n    <\/tr>\r\n    <tr>\r\n        <td class=\"time\">Soir : 18h30 - 22h00<\/td>\r\n    <\/tr>\r\n\r\n    <tr>\r\n        <td rowspan=\"2\">Vendredi<\/td>\r\n        <td class=\"time\">Midi : 12h00 - 14h30<\/td>\r\n    <\/tr>\r\n    <tr>\r\n        <td class=\"time\">Soir : 18h30 - 23h00<\/td>\r\n    <\/tr>\r\n\r\n    <tr>\r\n        <td rowspan=\"2\">Samedi<\/td>\r\n        <td class=\"time\">Midi : 12h00 - 14h30<\/td>\r\n    <\/tr>\r\n    <tr>\r\n        <td class=\"time\">Soir : 18h30 - 23h00<\/td>\r\n    <\/tr>\r\n\r\n    <tr>\r\n        <td rowspan=\"2\">Dimanche<\/td>\r\n        <td class=\"time\">Midi : 12h00 - 14h30<\/td>\r\n    <\/tr>\r\n    <tr>\r\n        <td class=\"time\">Soir : 18h30 - 23h00<\/td>\r\n    <\/tr>\r\n<\/table>\t\t\t\t<\/div>\n\t\t\t\t\t<\/div>\n\t\t<\/div>\n\t\t\t\t<div class=\"elementor-column elementor-col-50 elementor-top-column elementor-element elementor-element-4b55d8a\" data-id=\"4b55d8a\" data-element_type=\"column\" data-e-type=\"column\" data-settings=\"{&quot;background_background&quot;:&quot;classic&quot;}\">\n\t\t\t<div class=\"elementor-widget-wrap elementor-element-populated\">\n\t\t\t\t\t<div class=\"elementor-background-overlay\"><\/div>\n\t\t\t\t\t\t<div class=\"elementor-element elementor-element-4e6a11d elementor-widget elementor-widget-heading\" data-id=\"4e6a11d\" data-element_type=\"widget\" data-e-type=\"widget\" data-widget_type=\"heading.default\">\n\t\t\t\t\t<h2 class=\"elementor-heading-title elementor-size-default\">Plus d'informations<\/h2>\t\t\t\t<\/div>\n\t\t\t\t<div class=\"elementor-element elementor-element-2f826ae jkit-equal-height-disable elementor-widget elementor-widget-jkit_icon_box\" data-id=\"2f826ae\" data-element_type=\"widget\" data-e-type=\"widget\" data-widget_type=\"jkit_icon_box.default\">\n\t\t\t\t\t<div  class=\"jeg-elementor-kit jkit-icon-box icon-position-left elementor-animation- jeg_module___6a05e4d105067\" ><div class=\"jkit-icon-box-wrapper hover-from-left\"><div class=\"icon-box icon-box-body\">\n                <h2 class=\"title\">Phone<\/h2><p class=\"icon-box-description\">+33 6 75 76 47 80<\/p>\n            <\/div>\n            \n            <\/div><\/div>\t\t\t\t<\/div>\n\t\t\t\t<div class=\"elementor-element elementor-element-9eb8598 jkit-equal-height-disable elementor-widget elementor-widget-jkit_icon_box\" data-id=\"9eb8598\" data-element_type=\"widget\" data-e-type=\"widget\" data-widget_type=\"jkit_icon_box.default\">\n\t\t\t\t\t<div  class=\"jeg-elementor-kit jkit-icon-box icon-position-left elementor-animation- jeg_module__1_6a05e4d105b9d\" ><div class=\"jkit-icon-box-wrapper hover-from-left\"><div class=\"icon-box icon-box-body\">\n                <h2 class=\"title\">email<\/h2><p class=\"icon-box-description\">contact@lepuitsdesgourmets.fr<\/p>\n            <\/div>\n            \n            <\/div><\/div>\t\t\t\t<\/div>\n\t\t\t\t<div class=\"elementor-element elementor-element-2956838 jkit-equal-height-disable elementor-widget elementor-widget-jkit_icon_box\" data-id=\"2956838\" data-element_type=\"widget\" data-e-type=\"widget\" data-widget_type=\"jkit_icon_box.default\">\n\t\t\t\t\t<div  class=\"jeg-elementor-kit jkit-icon-box icon-position-left elementor-animation- jeg_module__2_6a05e4d1065e0\" ><div class=\"jkit-icon-box-wrapper hover-from-left\"><div class=\"icon-box icon-box-body\">\n                <h2 class=\"title\">adresse<\/h2><p class=\"icon-box-description\">39 Rue Mol\u00e9 10000 Troyes, France<\/p>\n            <\/div>\n            \n            <\/div><\/div>\t\t\t\t<\/div>\n\t\t\t\t<div class=\"elementor-element elementor-element-8511387 elementor-widget__width-auto elementor-widget elementor-widget-jkit_button\" data-id=\"8511387\" data-element_type=\"widget\" data-e-type=\"widget\" data-widget_type=\"jkit_button.default\">\n\t\t\t\t\t<div  class=\"jeg-elementor-kit jkit-button  icon-position-after jeg_module__3_6a05e4d107914\" ><a href=\"\/reservation\/\" class=\"jkit-button-wrapper\">Contactez-nous<\/a><\/div>\t\t\t\t<\/div>\n\t\t\t\t\t<\/div>\n\t\t<\/div>\n\t\t\t\t\t<\/div>\n\t\t<\/section>\n\t\t\t\t<\/div>\n\t\t","protected":false},"excerpt":{"rendered":"<p>R\u00e9servation Accueil R\u00e9servation faire une r\u00e9servation R\u00e9servez votre table Horaires D&rsquo;ouverture Jour Horaires Lundi Midi : 12h00 &#8211; 14h30 Soir : 18h30 &#8211; 22h00 Mardi Midi : 12h00 &#8211; 14h30 Soir : 18h30 &#8211; 22h00 Mercredi Midi : 12h00 &#8211; 14h30 Soir : 18h30 &#8211; 22h00 Jeudi Midi : 12h00 &#8211; 14h30 Soir : 18h30 [&hellip;]<\/p>\n","protected":false},"author":1,"featured_media":0,"parent":0,"menu_order":0,"comment_status":"closed","ping_status":"closed","template":"","meta":{"footnotes":""},"class_list":["post-127","page","type-page","status-publish","hentry"],"_links":{"self":[{"href":"https:\/\/lepuitsdesgourmets.fr\/fr\/wp-json\/wp\/v2\/pages\/127","targetHints":{"allow":["GET"]}}],"collection":[{"href":"https:\/\/lepuitsdesgourmets.fr\/fr\/wp-json\/wp\/v2\/pages"}],"about":[{"href":"https:\/\/lepuitsdesgourmets.fr\/fr\/wp-json\/wp\/v2\/types\/page"}],"author":[{"embeddable":true,"href":"https:\/\/lepuitsdesgourmets.fr\/fr\/wp-json\/wp\/v2\/users\/1"}],"replies":[{"embeddable":true,"href":"https:\/\/lepuitsdesgourmets.fr\/fr\/wp-json\/wp\/v2\/comments?post=127"}],"version-history":[{"count":124,"href":"https:\/\/lepuitsdesgourmets.fr\/fr\/wp-json\/wp\/v2\/pages\/127\/revisions"}],"predecessor-version":[{"id":1034,"href":"https:\/\/lepuitsdesgourmets.fr\/fr\/wp-json\/wp\/v2\/pages\/127\/revisions\/1034"}],"wp:attachment":[{"href":"https:\/\/lepuitsdesgourmets.fr\/fr\/wp-json\/wp\/v2\/media?parent=127"}],"curies":[{"name":"wp","href":"https:\/\/api.w.org\/{rel}","templated":true}]}}